{"id":2014,"date":"2025-01-19T11:50:42","date_gmt":"2025-01-19T11:50:42","guid":{"rendered":"https:\/\/scaleupfranchise.com\/?page_id=2014"},"modified":"2025-01-19T15:01:23","modified_gmt":"2025-01-19T15:01:23","slug":"ramon-mosteiro","status":"publish","type":"page","link":"https:\/\/scaleupfranchise.com\/eng\/ramon-mosteiro\/","title":{"rendered":"Ram\u00f3n Mosteiro"},"content":{"rendered":"<div data-elementor-type=\"wp-page\" data-elementor-id=\"2014\" class=\"elementor elementor-2014\" data-elementor-post-type=\"page\">\n\t\t\t\t\t\t<section class=\"elementor-section elementor-top-section elementor-element elementor-element-ff3ebb2 elementor-section-boxed elementor-section-height-default elementor-section-height-default wpr-particle-no wpr-jarallax-no wpr-parallax-no wpr-sticky-section-no wpr-equal-height-no\" data-id=\"ff3ebb2\" data-element_type=\"section\" data-e-type=\"section\">\n\t\t\t\t\t\t<div class=\"elementor-container elementor-column-gap-default\">\n\t\t\t\t\t<div class=\"elementor-column elementor-col-100 elementor-top-column elementor-element elementor-element-f143367\" data-id=\"f143367\" data-element_type=\"column\" data-e-type=\"column\">\n\t\t\t<div class=\"elementor-widget-wrap elementor-element-populated\">\n\t\t\t\t\t\t<section class=\"elementor-section elementor-inner-section elementor-element elementor-element-83bd391 elementor-section-full_width elementor-section-height-default elementor-section-height-default wpr-particle-no wpr-jarallax-no wpr-parallax-no wpr-sticky-section-no wpr-equal-height-no\" data-id=\"83bd391\" data-element_type=\"section\" data-e-type=\"section\">\n\t\t\t\t\t\t\t<div class=\"elementor-background-overlay\"><\/div>\n\t\t\t\t\t\t\t<div class=\"elementor-container elementor-column-gap-no\">\n\t\t\t\t\t<div class=\"elementor-column elementor-col-50 elementor-inner-column elementor-element elementor-element-2928565\" data-id=\"2928565\" data-element_type=\"column\" data-e-type=\"column\">\n\t\t\t<div class=\"elementor-widget-wrap elementor-element-populated\">\n\t\t\t\t\t\t<div class=\"elementor-element elementor-element-940d7a7 elementor-widget elementor-widget-image\" data-id=\"940d7a7\" data-element_type=\"widget\" data-e-type=\"widget\" data-widget_type=\"image.default\">\n\t\t\t\t<div class=\"elementor-widget-container\">\n\t\t\t\t\t\t\t\t\t\t\t\t\t\t\t<img fetchpriority=\"high\" decoding=\"async\" width=\"717\" height=\"851\" src=\"https:\/\/scaleupfranchise.com\/wp-content\/uploads\/2025\/01\/img-ramon-mosteiro.webp\" class=\"attachment-full size-full wp-image-1393\" alt=\"\" srcset=\"https:\/\/scaleupfranchise.com\/wp-content\/uploads\/2025\/01\/img-ramon-mosteiro.webp 717w, https:\/\/scaleupfranchise.com\/wp-content\/uploads\/2025\/01\/img-ramon-mosteiro-253x300.webp 253w, https:\/\/scaleupfranchise.com\/wp-content\/uploads\/2025\/01\/img-ramon-mosteiro-10x12.webp 10w\" sizes=\"(max-width: 717px) 100vw, 717px\" \/>\t\t\t\t\t\t\t\t\t\t\t\t\t\t\t<\/div>\n\t\t\t\t<\/div>\n\t\t\t\t\t<\/div>\n\t\t<\/div>\n\t\t\t\t<div class=\"elementor-column elementor-col-50 elementor-inner-column elementor-element elementor-element-3d29570\" data-id=\"3d29570\" data-element_type=\"column\" data-e-type=\"column\">\n\t\t\t<div class=\"elementor-widget-wrap elementor-element-populated\">\n\t\t\t\t\t\t<div class=\"elementor-element elementor-element-d7950ef elementor-widget elementor-widget-heading\" data-id=\"d7950ef\" data-element_type=\"widget\" data-e-type=\"widget\" data-widget_type=\"heading.default\">\n\t\t\t\t<div class=\"elementor-widget-container\">\n\t\t\t\t\t<h2 class=\"elementor-heading-title elementor-size-default\">Ram\u00f3n Mosteiro<\/h2>\t\t\t\t<\/div>\n\t\t\t\t<\/div>\n\t\t\t\t<div class=\"elementor-element elementor-element-df837a6 elementor-widget elementor-widget-text-editor\" data-id=\"df837a6\" data-element_type=\"widget\" data-e-type=\"widget\" data-widget_type=\"text-editor.default\">\n\t\t\t\t<div class=\"elementor-widget-container\">\n\t\t\t\t\t\t\t\t\t<p class=\"elementor-heading-title elementor-size-default\">IT Advisor<\/p>\t\t\t\t\t\t\t\t<\/div>\n\t\t\t\t<\/div>\n\t\t\t\t<div class=\"elementor-element elementor-element-732f14f elementor-widget elementor-widget-text-editor\" data-id=\"732f14f\" data-element_type=\"widget\" data-e-type=\"widget\" data-widget_type=\"text-editor.default\">\n\t\t\t\t<div class=\"elementor-widget-container\">\n\t\t\t\t\t\t\t\t\t<p>Founder and CEO of Consiga Projects S.L., a company specialized in integrated management solutions with a strong focus on the retail sector. Ram\u00f3n has led the growth of Consiga, driving multiple digitization projects and design solutions for retail chains, franchises, central purchasing centers in the textile and fashion sector, among others. His experience combines innovation and efficiency in business management. He is a mathematician from the University of Santiago de Compostela.<\/p>\t\t\t\t\t\t\t\t<\/div>\n\t\t\t\t<\/div>\n\t\t\t\t\t<\/div>\n\t\t<\/div>\n\t\t\t\t\t<\/div>\n\t\t<\/section>\n\t\t\t\t\t<\/div>\n\t\t<\/div>\n\t\t\t\t\t<\/div>\n\t\t<\/section>\n\t\t\t\t<\/div>","protected":false},"excerpt":{"rendered":"<p>Ram\u00f3n Mosteiro IT Advisor Fundador y CEO de Consiga Projects S.L., empresa especializada en soluciones integrales de gesti\u00f3n con un enfoque destacado en el sector retail. Ram\u00f3n ha liderado el crecimiento de Consiga, impulsando m\u00faltiples proyectos de digitalizaci\u00f3n y dise\u00f1o de soluciones para cadenas de tiendas, franquicias, centrales de compra del sector textil y moda, entre otros. Su experiencia combina innovaci\u00f3n y eficiencia en la gesti\u00f3n empresarial. Es matem\u00e1tico por la Universidad de Santiago de Compostela.<\/p>","protected":false},"author":2,"featured_media":0,"parent":0,"menu_order":0,"comment_status":"closed","ping_status":"closed","template":"","meta":{"om_disable_all_campaigns":false,"inline_featured_image":false,"_monsterinsights_skip_tracking":false,"_monsterinsights_sitenote_active":false,"_monsterinsights_sitenote_note":"","_monsterinsights_sitenote_category":0,"footnotes":""},"class_list":["post-2014","page","type-page","status-publish","hentry"],"aioseo_notices":[],"_links":{"self":[{"href":"https:\/\/scaleupfranchise.com\/eng\/wp-json\/wp\/v2\/pages\/2014","targetHints":{"allow":["GET"]}}],"collection":[{"href":"https:\/\/scaleupfranchise.com\/eng\/wp-json\/wp\/v2\/pages"}],"about":[{"href":"https:\/\/scaleupfranchise.com\/eng\/wp-json\/wp\/v2\/types\/page"}],"author":[{"embeddable":true,"href":"https:\/\/scaleupfranchise.com\/eng\/wp-json\/wp\/v2\/users\/2"}],"replies":[{"embeddable":true,"href":"https:\/\/scaleupfranchise.com\/eng\/wp-json\/wp\/v2\/comments?post=2014"}],"version-history":[{"count":13,"href":"https:\/\/scaleupfranchise.com\/eng\/wp-json\/wp\/v2\/pages\/2014\/revisions"}],"predecessor-version":[{"id":2106,"href":"https:\/\/scaleupfranchise.com\/eng\/wp-json\/wp\/v2\/pages\/2014\/revisions\/2106"}],"wp:attachment":[{"href":"https:\/\/scaleupfranchise.com\/eng\/wp-json\/wp\/v2\/media?parent=2014"}],"curies":[{"name":"wp","href":"https:\/\/api.w.org\/{rel}","templated":true}]}}