{"id":2125,"date":"2025-01-19T15:14:27","date_gmt":"2025-01-19T15:14:27","guid":{"rendered":"https:\/\/scaleupfranchise.com\/?page_id=2125"},"modified":"2025-01-19T15:16:04","modified_gmt":"2025-01-19T15:16:04","slug":"politica-de-cookies","status":"publish","type":"page","link":"https:\/\/scaleupfranchise.com\/eng\/politica-de-cookies\/","title":{"rendered":"Cookies Policy"},"content":{"rendered":"<div data-elementor-type=\"wp-page\" data-elementor-id=\"2125\" class=\"elementor elementor-2125\" data-elementor-post-type=\"page\">\n\t\t\t\t<div class=\"elementor-element elementor-element-ec48418 e-flex e-con-boxed wpr-particle-no wpr-jarallax-no wpr-parallax-no wpr-sticky-section-no wpr-equal-height-no e-con e-parent\" data-id=\"ec48418\" data-element_type=\"container\" data-e-type=\"container\">\n\t\t\t\t\t<div class=\"e-con-inner\">\n\t\t\t\t<div class=\"elementor-element elementor-element-1852b06a elementor-widget elementor-widget-text-editor\" data-id=\"1852b06a\" data-element_type=\"widget\" data-e-type=\"widget\" data-widget_type=\"text-editor.default\">\n\t\t\t\t<div class=\"elementor-widget-container\">\n\t\t\t\t\t\t\t\t\t\n<h3 class=\"wp-block-heading\"><strong>POL\u00cdTICA DE COOKIES<\/strong><\/h3>\n\n<p>En <strong>Scaleup Franchise<\/strong>, utilizamos cookies y tecnolog\u00edas similares para mejorar la experiencia del usuario, analizar el tr\u00e1fico del sitio web y personalizar los contenidos. A continuaci\u00f3n, te explicamos qu\u00e9 son las cookies, qu\u00e9 tipos utilizamos y c\u00f3mo puedes gestionarlas.<\/p>\n\n<h4 class=\"wp-block-heading\"><strong>1. \u00bfQu\u00e9 son las Cookies?<\/strong><\/h4>\n\n<p>Las cookies son peque\u00f1os archivos de texto que se almacenan en tu dispositivo (ordenador, tablet, smartphone, etc.) al visitar un sitio web. Estas permiten que el sitio web recuerde tus preferencias y acciones (como inicio de sesi\u00f3n, idioma o configuraci\u00f3n) durante un per\u00edodo de tiempo, mejorando as\u00ed tu experiencia de navegaci\u00f3n.<\/p>\n\n<h4 class=\"wp-block-heading\"><strong>2. Tipos de Cookies que Utilizamos<\/strong><\/h4>\n\n<p>En nuestro Sitio Web empleamos las siguientes categor\u00edas de cookies:<\/p>\n\n<p><strong>a. Seg\u00fan su finalidad:<\/strong><\/p>\n\n<ul class=\"wp-block-list\">\n<li><strong>Cookies t\u00e9cnicas o necesarias<\/strong>: Son esenciales para el funcionamiento del sitio web. Sin ellas, el sitio no funcionar\u00eda correctamente.<\/li>\n\n<li><strong>Cookies de an\u00e1lisis<\/strong>: Recogen informaci\u00f3n an\u00f3nima sobre c\u00f3mo los usuarios interact\u00faan con el sitio web (por ejemplo, p\u00e1ginas visitadas, tiempo de permanencia). Estas cookies nos ayudan a mejorar el rendimiento y los servicios ofrecidos.<\/li>\n\n<li><strong>Cookies de personalizaci\u00f3n<\/strong>: Permiten adaptar el contenido del sitio a tus preferencias, como el idioma o la regi\u00f3n.<\/li>\n\n<li><strong>Cookies publicitarias<\/strong>: Usadas para mostrar anuncios relevantes basados en tus intereses.<\/li>\n<\/ul>\n\n<p><strong>b. Seg\u00fan su duraci\u00f3n:<\/strong><\/p>\n\n<ul class=\"wp-block-list\">\n<li><strong>Cookies de sesi\u00f3n<\/strong>: Se eliminan autom\u00e1ticamente cuando cierras el navegador.<\/li>\n\n<li><strong>Cookies persistentes<\/strong>: Permanecen en tu dispositivo durante un tiempo definido o hasta que las elimines manualmente.<\/li>\n<\/ul>\n\n<h4 class=\"wp-block-heading\"><strong>3. Cookies de Terceros<\/strong><\/h4>\n\n<p>En algunos casos, colaboramos con terceros para utilizar cookies que recopilen datos an\u00f3nimos o personalizados. Por ejemplo, herramientas como Google Analytics pueden instalar cookies para analizar el tr\u00e1fico del sitio.<\/p>\n\n<p>Estas terceras partes son responsables de sus propias pol\u00edticas de privacidad y uso de cookies, las cuales te recomendamos revisar:<\/p>\n\n<ul class=\"wp-block-list\">\n<li><strong>Google Analytics<\/strong>: <a>https:\/\/policies.google.com\/privacy<\/a><\/li>\n<\/ul>\n\n<h4 class=\"wp-block-heading\"><strong>4. Gesti\u00f3n de las Cookies<\/strong><\/h4>\n\n<p>Puedes configurar o bloquear las cookies directamente desde tu navegador. A continuaci\u00f3n, te proporcionamos enlaces a las gu\u00edas para gestionar cookies en los navegadores m\u00e1s utilizados:<\/p>\n\n<ul class=\"wp-block-list\">\n<li><strong>Google Chrome<\/strong>: <a>https:\/\/support.google.com\/chrome\/answer\/95647<\/a><\/li>\n\n<li><strong>Mozilla Firefox<\/strong>: <a href=\"https:\/\/support.mozilla.org\/es\/kb\/habilitar-y-deshabilitar-cookies-sitios-web\">https:\/\/support.mozilla.org\/es\/kb\/habilitar-y-deshabilitar-cookies-sitios-web<\/a><\/li>\n\n<li><strong>Safari<\/strong>: <a href=\"https:\/\/support.apple.com\/es-es\/guide\/safari\/sfri11471\/mac\">https:\/\/support.apple.com\/es-es\/guide\/safari\/sfri11471\/mac<\/a><\/li>\n\n<li><strong>Microsoft Edge<\/strong>: <a href=\"https:\/\/support.microsoft.com\/es-es\/microsoft-edge\/eliminar-cookies-168dab11-0753-043d-7c16-ede5947fc64d\">https:\/\/support.microsoft.com\/es-es\/microsoft-edge\/eliminar-cookies-168dab11-0753-043d-7c16-ede5947fc64d<\/a><\/li>\n<\/ul>\n\n<p>Ten en cuenta que bloquear o eliminar cookies puede afectar la funcionalidad del Sitio Web.<\/p>\n\n<h4 class=\"wp-block-heading\"><strong>5. Consentimiento y Configuraci\u00f3n<\/strong><\/h4>\n\n<p>Al acceder a nuestro Sitio Web por primera vez, te mostramos un aviso sobre el uso de cookies. Al continuar navegando, aceptas su instalaci\u00f3n. Puedes cambiar tus preferencias en cualquier momento a trav\u00e9s del banner de configuraci\u00f3n de cookies o accediendo a la secci\u00f3n de configuraci\u00f3n espec\u00edfica del sitio.<\/p>\n\n<h4 class=\"wp-block-heading\"><strong>6. Actualizaciones de la Pol\u00edtica de Cookies<\/strong><\/h4>\n\n<p>Esta Pol\u00edtica de Cookies puede ser actualizada peri\u00f3dicamente en funci\u00f3n de cambios en las tecnolog\u00edas empleadas o las regulaciones aplicables. Te recomendamos revisarla con frecuencia para mantenerte informado.<\/p>\n\n<p>\u00a0<\/p>\n\t\t\t\t\t\t\t\t<\/div>\n\t\t\t\t<\/div>\n\t\t\t\t\t<\/div>\n\t\t\t\t<\/div>\n\t\t\t\t<\/div>","protected":false},"excerpt":{"rendered":"<p>POL\u00cdTICA DE COOKIES En Scaleup Franchise, utilizamos cookies y tecnolog\u00edas similares para mejorar la experiencia del usuario, analizar el tr\u00e1fico del sitio web y personalizar los contenidos. A continuaci\u00f3n, te explicamos qu\u00e9 son las cookies, qu\u00e9 tipos utilizamos y c\u00f3mo puedes gestionarlas. 1. \u00bfQu\u00e9 son las Cookies? Las cookies son peque\u00f1os archivos de texto que se almacenan en tu dispositivo (ordenador, tablet, smartphone, etc.) al visitar un sitio web. Estas permiten que el sitio web recuerde tus preferencias y acciones (como inicio de sesi\u00f3n, idioma o configuraci\u00f3n) durante un per\u00edodo de tiempo, mejorando as\u00ed tu experiencia de navegaci\u00f3n. 2. Tipos de Cookies que Utilizamos En nuestro Sitio Web empleamos las siguientes categor\u00edas de cookies: a. Seg\u00fan su finalidad: b. Seg\u00fan su duraci\u00f3n: 3. Cookies de Terceros En algunos casos, colaboramos con terceros para utilizar cookies que recopilen datos an\u00f3nimos o personalizados. Por ejemplo, herramientas como Google Analytics pueden instalar cookies para analizar el tr\u00e1fico del sitio. Estas terceras partes son responsables de sus propias pol\u00edticas de privacidad y uso de cookies, las cuales te recomendamos revisar: 4. Gesti\u00f3n de las Cookies Puedes configurar o bloquear las cookies directamente desde tu navegador. A continuaci\u00f3n, te proporcionamos enlaces a las gu\u00edas para gestionar cookies en los navegadores m\u00e1s utilizados: Ten en cuenta que bloquear o eliminar cookies puede afectar la funcionalidad del Sitio Web. 5. Consentimiento y Configuraci\u00f3n Al acceder a nuestro Sitio Web por primera vez, te mostramos un aviso sobre el uso de cookies. Al continuar navegando, aceptas su instalaci\u00f3n. Puedes cambiar tus preferencias en cualquier momento a trav\u00e9s del banner de configuraci\u00f3n de cookies o accediendo a la secci\u00f3n de configuraci\u00f3n espec\u00edfica del sitio. 6. Actualizaciones de la Pol\u00edtica de Cookies Esta Pol\u00edtica de Cookies puede ser actualizada peri\u00f3dicamente en funci\u00f3n de cambios en las tecnolog\u00edas empleadas o las regulaciones aplicables. Te recomendamos revisarla con frecuencia para mantenerte informado.<\/p>","protected":false},"author":2,"featured_media":0,"parent":0,"menu_order":0,"comment_status":"closed","ping_status":"closed","template":"","meta":{"om_disable_all_campaigns":false,"inline_featured_image":false,"_monsterinsights_skip_tracking":false,"_monsterinsights_sitenote_active":false,"_monsterinsights_sitenote_note":"","_monsterinsights_sitenote_category":0,"footnotes":""},"class_list":["post-2125","page","type-page","status-publish","hentry"],"aioseo_notices":[],"_links":{"self":[{"href":"https:\/\/scaleupfranchise.com\/eng\/wp-json\/wp\/v2\/pages\/2125","targetHints":{"allow":["GET"]}}],"collection":[{"href":"https:\/\/scaleupfranchise.com\/eng\/wp-json\/wp\/v2\/pages"}],"about":[{"href":"https:\/\/scaleupfranchise.com\/eng\/wp-json\/wp\/v2\/types\/page"}],"author":[{"embeddable":true,"href":"https:\/\/scaleupfranchise.com\/eng\/wp-json\/wp\/v2\/users\/2"}],"replies":[{"embeddable":true,"href":"https:\/\/scaleupfranchise.com\/eng\/wp-json\/wp\/v2\/comments?post=2125"}],"version-history":[{"count":4,"href":"https:\/\/scaleupfranchise.com\/eng\/wp-json\/wp\/v2\/pages\/2125\/revisions"}],"predecessor-version":[{"id":2129,"href":"https:\/\/scaleupfranchise.com\/eng\/wp-json\/wp\/v2\/pages\/2125\/revisions\/2129"}],"wp:attachment":[{"href":"https:\/\/scaleupfranchise.com\/eng\/wp-json\/wp\/v2\/media?parent=2125"}],"curies":[{"name":"wp","href":"https:\/\/api.w.org\/{rel}","templated":true}]}}