{"id":540,"date":"2025-01-08T18:19:17","date_gmt":"2025-01-08T18:19:17","guid":{"rendered":"https:\/\/scaleupfranchise.com\/?page_id=540"},"modified":"2025-08-12T11:49:22","modified_gmt":"2025-08-12T11:49:22","slug":"emilio-quero","status":"publish","type":"page","link":"https:\/\/scaleupfranchise.com\/eng\/emilio-quero\/","title":{"rendered":"Emilio Quero"},"content":{"rendered":"<div data-elementor-type=\"wp-page\" data-elementor-id=\"540\" class=\"elementor elementor-540\" data-elementor-post-type=\"page\">\n\t\t\t\t\t\t<section class=\"elementor-section elementor-top-section elementor-element elementor-element-416fb76e0 elementor-section-boxed elementor-section-height-default elementor-section-height-default wpr-particle-no wpr-jarallax-no wpr-parallax-no wpr-sticky-section-no wpr-equal-height-no\" data-id=\"416fb76e0\" data-element_type=\"section\" data-e-type=\"section\">\n\t\t\t\t\t\t<div class=\"elementor-container elementor-column-gap-no\">\n\t\t\t\t\t<div class=\"elementor-column elementor-col-100 elementor-top-column elementor-element elementor-element-5552b11f\" data-id=\"5552b11f\" data-element_type=\"column\" data-e-type=\"column\">\n\t\t\t<div class=\"elementor-widget-wrap elementor-element-populated\">\n\t\t\t\t\t\t<section class=\"elementor-section elementor-inner-section elementor-element elementor-element-10c5b03c elementor-section-full_width elementor-section-height-default elementor-section-height-default wpr-particle-no wpr-jarallax-no wpr-parallax-no wpr-sticky-section-no wpr-equal-height-no\" data-id=\"10c5b03c\" data-element_type=\"section\" data-e-type=\"section\">\n\t\t\t\t\t\t\t<div class=\"elementor-background-overlay\"><\/div>\n\t\t\t\t\t\t\t<div class=\"elementor-container elementor-column-gap-no\">\n\t\t\t\t\t<div class=\"elementor-column elementor-col-50 elementor-inner-column elementor-element elementor-element-2c7155d7\" data-id=\"2c7155d7\" data-element_type=\"column\" data-e-type=\"column\">\n\t\t\t<div class=\"elementor-widget-wrap elementor-element-populated\">\n\t\t\t\t\t\t<div class=\"elementor-element elementor-element-8f6e2a4 elementor-widget elementor-widget-image\" data-id=\"8f6e2a4\" data-element_type=\"widget\" data-e-type=\"widget\" data-widget_type=\"image.default\">\n\t\t\t\t<div class=\"elementor-widget-container\">\n\t\t\t\t\t\t\t\t\t\t\t\t\t\t\t<img fetchpriority=\"high\" decoding=\"async\" width=\"717\" height=\"851\" src=\"https:\/\/scaleupfranchise.com\/wp-content\/uploads\/2025\/01\/img-emilio-quero.webp\" class=\"attachment-medium_large size-medium_large wp-image-530\" alt=\"\" srcset=\"https:\/\/scaleupfranchise.com\/wp-content\/uploads\/2025\/01\/img-emilio-quero.webp 717w, https:\/\/scaleupfranchise.com\/wp-content\/uploads\/2025\/01\/img-emilio-quero-253x300.webp 253w\" sizes=\"(max-width: 717px) 100vw, 717px\" \/>\t\t\t\t\t\t\t\t\t\t\t\t\t\t\t<\/div>\n\t\t\t\t<\/div>\n\t\t\t\t\t<\/div>\n\t\t<\/div>\n\t\t\t\t<div class=\"elementor-column elementor-col-50 elementor-inner-column elementor-element elementor-element-2653b602\" data-id=\"2653b602\" data-element_type=\"column\" data-e-type=\"column\">\n\t\t\t<div class=\"elementor-widget-wrap elementor-element-populated\">\n\t\t\t\t\t\t<div class=\"elementor-element elementor-element-11657771 elementor-widget elementor-widget-heading\" data-id=\"11657771\" data-element_type=\"widget\" data-e-type=\"widget\" data-widget_type=\"heading.default\">\n\t\t\t\t<div class=\"elementor-widget-container\">\n\t\t\t\t\t<h2 class=\"elementor-heading-title elementor-size-default\">Emilio Quero<\/h2>\t\t\t\t<\/div>\n\t\t\t\t<\/div>\n\t\t\t\t<div class=\"elementor-element elementor-element-bfa070f elementor-widget elementor-widget-text-editor\" data-id=\"bfa070f\" data-element_type=\"widget\" data-e-type=\"widget\" data-widget_type=\"text-editor.default\">\n\t\t\t\t<div class=\"elementor-widget-container\">\n\t\t\t\t\t\t\t\t\t<p class=\"elementor-heading-title elementor-size-default\">Founder &amp; Senior Advisor<\/p>\t\t\t\t\t\t\t\t<\/div>\n\t\t\t\t<\/div>\n\t\t\t\t<div class=\"elementor-element elementor-element-0d33496 elementor-widget elementor-widget-text-editor\" data-id=\"0d33496\" data-element_type=\"widget\" data-e-type=\"widget\" data-widget_type=\"text-editor.default\">\n\t\t\t\t<div class=\"elementor-widget-container\">\n\t\t\t\t\t\t\t\t\t<p class=\"x_MsoNormal\" data-olk-copy-source=\"MessageBody\">Senior executive with a solid track record leading operations, expansion and strategic transformation in global brands such as Bricorama, Burger King, Regus, Anytime Fitness and DIA Group. Emilio has been key in the development of international businesses, standing out as General Director and Development Director.<\/p><p class=\"x_MsoNormal\">He has extensive experience in consulting for the retail, franchise and FMCG sectors, providing innovative and strategic solutions to boost business growth.<\/p><p class=\"x_MsoNormal\">Industrial Engineer from the Jos\u00e9 Mar\u00eda Vargas University, MBA from ICADE, PDD from IESE and ADECA from the San Telmo Foundation, Emilio combines his academic training with a strategic vision and proven leadership to generate exceptional results in global businesses.<\/p>\t\t\t\t\t\t\t\t<\/div>\n\t\t\t\t<\/div>\n\t\t\t\t\t<\/div>\n\t\t<\/div>\n\t\t\t\t\t<\/div>\n\t\t<\/section>\n\t\t\t\t\t<\/div>\n\t\t<\/div>\n\t\t\t\t\t<\/div>\n\t\t<\/section>\n\t\t\t\t<\/div>","protected":false},"excerpt":{"rendered":"<p>Emilio Quero Founder &amp; Senior Advisor Ejecutivo senior con una s\u00f3lida trayectoria liderando operaciones, expansi\u00f3n y transformaci\u00f3n estrat\u00e9gica en marcas globales como Bricorama,Burger King, Regus, Anytime Fitness y DIA Group. Emilio ha sido clave en el desarrollo de negocios internacionales, destacando como Director General y Director de Desarrollo. Cuenta con amplia experiencia en consultor\u00eda para los sectores de retail, franquicia y FMCG, aportando soluciones innovadoras y estrat\u00e9gicas para impulsar el crecimiento empresarial. Ingeniero Industrial por la Universidad Jos\u00e9 Mar\u00eda Vargas, MBA por ICADE, PDD por el IESE y ADECA por la Fundaci\u00f3n San Telmo, Emilio combina su formaci\u00f3n acad\u00e9mica con una visi\u00f3n estrat\u00e9gica y comprobado liderazgo para generar resultados excepcionales en negocios globales.<\/p>","protected":false},"author":2,"featured_media":0,"parent":0,"menu_order":0,"comment_status":"open","ping_status":"closed","template":"elementor_header_footer","meta":{"om_disable_all_campaigns":false,"inline_featured_image":false,"_monsterinsights_skip_tracking":false,"_monsterinsights_sitenote_active":false,"_monsterinsights_sitenote_note":"","_monsterinsights_sitenote_category":0,"footnotes":""},"class_list":["post-540","page","type-page","status-publish","hentry"],"aioseo_notices":[],"_links":{"self":[{"href":"https:\/\/scaleupfranchise.com\/eng\/wp-json\/wp\/v2\/pages\/540","targetHints":{"allow":["GET"]}}],"collection":[{"href":"https:\/\/scaleupfranchise.com\/eng\/wp-json\/wp\/v2\/pages"}],"about":[{"href":"https:\/\/scaleupfranchise.com\/eng\/wp-json\/wp\/v2\/types\/page"}],"author":[{"embeddable":true,"href":"https:\/\/scaleupfranchise.com\/eng\/wp-json\/wp\/v2\/users\/2"}],"replies":[{"embeddable":true,"href":"https:\/\/scaleupfranchise.com\/eng\/wp-json\/wp\/v2\/comments?post=540"}],"version-history":[{"count":73,"href":"https:\/\/scaleupfranchise.com\/eng\/wp-json\/wp\/v2\/pages\/540\/revisions"}],"predecessor-version":[{"id":2082,"href":"https:\/\/scaleupfranchise.com\/eng\/wp-json\/wp\/v2\/pages\/540\/revisions\/2082"}],"wp:attachment":[{"href":"https:\/\/scaleupfranchise.com\/eng\/wp-json\/wp\/v2\/media?parent=540"}],"curies":[{"name":"wp","href":"https:\/\/api.w.org\/{rel}","templated":true}]}}