{"id":732,"date":"2025-01-09T16:54:53","date_gmt":"2025-01-09T16:54:53","guid":{"rendered":"https:\/\/scaleupfranchise.com\/?page_id=732"},"modified":"2025-01-19T17:26:21","modified_gmt":"2025-01-19T17:26:21","slug":"thierry-rousset","status":"publish","type":"page","link":"https:\/\/scaleupfranchise.com\/eng\/thierry-rousset\/","title":{"rendered":"Thierry Rousset"},"content":{"rendered":"<div data-elementor-type=\"wp-page\" data-elementor-id=\"732\" class=\"elementor elementor-732\" data-elementor-post-type=\"page\">\n\t\t\t\t\t\t<section class=\"elementor-section elementor-top-section elementor-element elementor-element-541331f elementor-section-boxed elementor-section-height-default elementor-section-height-default wpr-particle-no wpr-jarallax-no wpr-parallax-no wpr-sticky-section-no wpr-equal-height-no\" data-id=\"541331f\" data-element_type=\"section\" data-e-type=\"section\">\n\t\t\t\t\t\t<div class=\"elementor-container elementor-column-gap-default\">\n\t\t\t\t\t<div class=\"elementor-column elementor-col-100 elementor-top-column elementor-element elementor-element-2bd536b\" data-id=\"2bd536b\" data-element_type=\"column\" data-e-type=\"column\">\n\t\t\t<div class=\"elementor-widget-wrap elementor-element-populated\">\n\t\t\t\t\t\t<section class=\"elementor-section elementor-inner-section elementor-element elementor-element-9666bb5 elementor-section-full_width elementor-section-height-default elementor-section-height-default wpr-particle-no wpr-jarallax-no wpr-parallax-no wpr-sticky-section-no wpr-equal-height-no\" data-id=\"9666bb5\" data-element_type=\"section\" data-e-type=\"section\">\n\t\t\t\t\t\t\t<div class=\"elementor-background-overlay\"><\/div>\n\t\t\t\t\t\t\t<div class=\"elementor-container elementor-column-gap-no\">\n\t\t\t\t\t<div class=\"elementor-column elementor-col-50 elementor-inner-column elementor-element elementor-element-b9780b2\" data-id=\"b9780b2\" data-element_type=\"column\" data-e-type=\"column\">\n\t\t\t<div class=\"elementor-widget-wrap elementor-element-populated\">\n\t\t\t\t\t\t<div class=\"elementor-element elementor-element-290062a elementor-widget elementor-widget-image\" data-id=\"290062a\" data-element_type=\"widget\" data-e-type=\"widget\" data-widget_type=\"image.default\">\n\t\t\t\t<div class=\"elementor-widget-container\">\n\t\t\t\t\t\t\t\t\t\t\t\t\t\t\t<img fetchpriority=\"high\" decoding=\"async\" width=\"717\" height=\"851\" src=\"https:\/\/scaleupfranchise.com\/wp-content\/uploads\/2025\/01\/Thierry-Rousset.webp\" class=\"attachment-full size-full wp-image-725\" alt=\"\" srcset=\"https:\/\/scaleupfranchise.com\/wp-content\/uploads\/2025\/01\/Thierry-Rousset.webp 717w, https:\/\/scaleupfranchise.com\/wp-content\/uploads\/2025\/01\/Thierry-Rousset-253x300.webp 253w\" sizes=\"(max-width: 717px) 100vw, 717px\" \/>\t\t\t\t\t\t\t\t\t\t\t\t\t\t\t<\/div>\n\t\t\t\t<\/div>\n\t\t\t\t\t<\/div>\n\t\t<\/div>\n\t\t\t\t<div class=\"elementor-column elementor-col-50 elementor-inner-column elementor-element elementor-element-fe4d456\" data-id=\"fe4d456\" data-element_type=\"column\" data-e-type=\"column\">\n\t\t\t<div class=\"elementor-widget-wrap elementor-element-populated\">\n\t\t\t\t\t\t<div class=\"elementor-element elementor-element-a0985b5 elementor-widget elementor-widget-heading\" data-id=\"a0985b5\" data-element_type=\"widget\" data-e-type=\"widget\" data-widget_type=\"heading.default\">\n\t\t\t\t<div class=\"elementor-widget-container\">\n\t\t\t\t\t<h2 class=\"elementor-heading-title elementor-size-default\">Thierry Rousset<\/h2>\t\t\t\t<\/div>\n\t\t\t\t<\/div>\n\t\t\t\t<div class=\"elementor-element elementor-element-8c9155a elementor-widget elementor-widget-text-editor\" data-id=\"8c9155a\" data-element_type=\"widget\" data-e-type=\"widget\" data-widget_type=\"text-editor.default\">\n\t\t\t\t<div class=\"elementor-widget-container\">\n\t\t\t\t\t\t\t\t\t<p class=\"elementor-heading-title elementor-size-default\">Food Service Advisor<\/p>\t\t\t\t\t\t\t\t<\/div>\n\t\t\t\t<\/div>\n\t\t\t\t<div class=\"elementor-element elementor-element-e8c0c38 elementor-widget elementor-widget-text-editor\" data-id=\"e8c0c38\" data-element_type=\"widget\" data-e-type=\"widget\" data-widget_type=\"text-editor.default\">\n\t\t\t\t<div class=\"elementor-widget-container\">\n\t\t\t\t\t\t\t\t\t<p>With 30 years of experience in the franchise and restaurant sector, Thierry ROUSSET has held General Management and Development Management positions in large brands such as Subway\u00ae, McDonald's\u00ae, Burger King\u00ae, Quick\u00ae, etc. but he has also been a franchisee of\u00a0Subway\u00ae\u00a0and\u00a0Dunkin\u2019Donuts\u00ae\u00a0as well as Exclusive Agent of\u00a0Le Kiosque \u00e0 Pizzas\u00ae\u00a0for Spain and Portugal.<\/p><p>He also regularly intervenes as a \u201cFranchise Expert\u201d with the United States Department of Commerce (US Department of Commerce \u2013 Commercial Law Development Program).<\/p><p>He founded QSR Consultant\u00ae in 2012 to be able to offer his experience to franchisors of all sizes and has since worked on numerous projects from London to Dubai, Istanbul and Budapest.<\/p><p>He has traveled on business to more than 60 countries and speaks fluent Spanish, English and French.<\/p>\t\t\t\t\t\t\t\t<\/div>\n\t\t\t\t<\/div>\n\t\t\t\t\t<\/div>\n\t\t<\/div>\n\t\t\t\t\t<\/div>\n\t\t<\/section>\n\t\t\t\t\t<\/div>\n\t\t<\/div>\n\t\t\t\t\t<\/div>\n\t\t<\/section>\n\t\t\t\t<\/div>","protected":false},"excerpt":{"rendered":"<p>Thierry Rousset Food Service Advisor Con 30 a\u00f1os de experiencia en el sector de la franquicia y de la restauraci\u00f3n,\u00a0Thierry ROUSSET\u00a0ha ocupado puestos de Direcci\u00f3n General y Direcci\u00f3n de Desarrollo en grandes marcas como\u00a0Subway\u00ae,\u00a0McDonald\u2019s\u00ae,\u00a0Burger King\u00ae,\u00a0Quick\u00ae, etc. pero tambi\u00e9n ha sido franquiciado de\u00a0Subway\u00ae\u00a0y\u00a0Dunkin\u2019Donuts\u00ae\u00a0as\u00ed como Agente Exclusivo de\u00a0Le Kiosque \u00e0 Pizzas\u00ae\u00a0para Espa\u00f1a y Portugal. Interviene tambi\u00e9n regularmente como \u00abFranchise Expert\u00bb con el\u00a0Ministerio de Comercio de los Estados Unidos de Am\u00e9rica\u00a0(US Department of Commerce \u2013 Commercial Law Development Program). Fund\u00f3\u00a0QSR Consultant\u00ae en el 2012 para poder ofrecer su experiencia a franquiciadores de todos tama\u00f1os y ha trabajado desde entonces en numerosos proyectos desde Londres a Dubai pasando por Estanbul o Budapest. Ha viajado por negocio a m\u00e1s de 60 pa\u00edses y habla fluidamente castellano, ingl\u00e9s y franc\u00e9s.<\/p>","protected":false},"author":2,"featured_media":0,"parent":0,"menu_order":0,"comment_status":"closed","ping_status":"closed","template":"elementor_header_footer","meta":{"om_disable_all_campaigns":false,"inline_featured_image":false,"_monsterinsights_skip_tracking":false,"_monsterinsights_sitenote_active":false,"_monsterinsights_sitenote_note":"","_monsterinsights_sitenote_category":0,"footnotes":""},"class_list":["post-732","page","type-page","status-publish","hentry"],"aioseo_notices":[],"_links":{"self":[{"href":"https:\/\/scaleupfranchise.com\/eng\/wp-json\/wp\/v2\/pages\/732","targetHints":{"allow":["GET"]}}],"collection":[{"href":"https:\/\/scaleupfranchise.com\/eng\/wp-json\/wp\/v2\/pages"}],"about":[{"href":"https:\/\/scaleupfranchise.com\/eng\/wp-json\/wp\/v2\/types\/page"}],"author":[{"embeddable":true,"href":"https:\/\/scaleupfranchise.com\/eng\/wp-json\/wp\/v2\/users\/2"}],"replies":[{"embeddable":true,"href":"https:\/\/scaleupfranchise.com\/eng\/wp-json\/wp\/v2\/comments?post=732"}],"version-history":[{"count":40,"href":"https:\/\/scaleupfranchise.com\/eng\/wp-json\/wp\/v2\/pages\/732\/revisions"}],"predecessor-version":[{"id":2161,"href":"https:\/\/scaleupfranchise.com\/eng\/wp-json\/wp\/v2\/pages\/732\/revisions\/2161"}],"wp:attachment":[{"href":"https:\/\/scaleupfranchise.com\/eng\/wp-json\/wp\/v2\/media?parent=732"}],"curies":[{"name":"wp","href":"https:\/\/api.w.org\/{rel}","templated":true}]}}