{"id":764,"date":"2025-01-09T17:12:32","date_gmt":"2025-01-09T17:12:32","guid":{"rendered":"https:\/\/scaleupfranchise.com\/?page_id=764"},"modified":"2025-01-19T14:55:49","modified_gmt":"2025-01-19T14:55:49","slug":"rosa-carvalho","status":"publish","type":"page","link":"https:\/\/scaleupfranchise.com\/eng\/rosa-carvalho\/","title":{"rendered":"Rosa Carvalho"},"content":{"rendered":"<div data-elementor-type=\"wp-page\" data-elementor-id=\"764\" class=\"elementor elementor-764\" data-elementor-post-type=\"page\">\n\t\t\t\t\t\t<section class=\"elementor-section elementor-top-section elementor-element elementor-element-eda0513 elementor-section-boxed elementor-section-height-default elementor-section-height-default wpr-particle-no wpr-jarallax-no wpr-parallax-no wpr-sticky-section-no wpr-equal-height-no\" data-id=\"eda0513\" data-element_type=\"section\" data-e-type=\"section\">\n\t\t\t\t\t\t<div class=\"elementor-container elementor-column-gap-default\">\n\t\t\t\t\t<div class=\"elementor-column elementor-col-100 elementor-top-column elementor-element elementor-element-488977b\" data-id=\"488977b\" data-element_type=\"column\" data-e-type=\"column\">\n\t\t\t<div class=\"elementor-widget-wrap elementor-element-populated\">\n\t\t\t\t\t\t<section class=\"elementor-section elementor-inner-section elementor-element elementor-element-f1456fe elementor-section-full_width elementor-section-height-default elementor-section-height-default wpr-particle-no wpr-jarallax-no wpr-parallax-no wpr-sticky-section-no wpr-equal-height-no\" data-id=\"f1456fe\" data-element_type=\"section\" data-e-type=\"section\">\n\t\t\t\t\t\t\t<div class=\"elementor-background-overlay\"><\/div>\n\t\t\t\t\t\t\t<div class=\"elementor-container elementor-column-gap-no\">\n\t\t\t\t\t<div class=\"elementor-column elementor-col-50 elementor-inner-column elementor-element elementor-element-ce489f7\" data-id=\"ce489f7\" data-element_type=\"column\" data-e-type=\"column\">\n\t\t\t<div class=\"elementor-widget-wrap elementor-element-populated\">\n\t\t\t\t\t\t<div class=\"elementor-element elementor-element-151dfe5 elementor-widget elementor-widget-image\" data-id=\"151dfe5\" data-element_type=\"widget\" data-e-type=\"widget\" data-widget_type=\"image.default\">\n\t\t\t\t<div class=\"elementor-widget-container\">\n\t\t\t\t\t\t\t\t\t\t\t\t\t\t\t<img fetchpriority=\"high\" decoding=\"async\" width=\"717\" height=\"851\" src=\"https:\/\/scaleupfranchise.com\/wp-content\/uploads\/2025\/01\/Rosa-Carvalho.webp\" class=\"attachment-medium_large size-medium_large wp-image-805\" alt=\"\" srcset=\"https:\/\/scaleupfranchise.com\/wp-content\/uploads\/2025\/01\/Rosa-Carvalho.webp 717w, https:\/\/scaleupfranchise.com\/wp-content\/uploads\/2025\/01\/Rosa-Carvalho-253x300.webp 253w\" sizes=\"(max-width: 717px) 100vw, 717px\" \/>\t\t\t\t\t\t\t\t\t\t\t\t\t\t\t<\/div>\n\t\t\t\t<\/div>\n\t\t\t\t\t<\/div>\n\t\t<\/div>\n\t\t\t\t<div class=\"elementor-column elementor-col-50 elementor-inner-column elementor-element elementor-element-30ebcfd\" data-id=\"30ebcfd\" data-element_type=\"column\" data-e-type=\"column\">\n\t\t\t<div class=\"elementor-widget-wrap elementor-element-populated\">\n\t\t\t\t\t\t<div class=\"elementor-element elementor-element-faf995b elementor-widget elementor-widget-heading\" data-id=\"faf995b\" data-element_type=\"widget\" data-e-type=\"widget\" data-widget_type=\"heading.default\">\n\t\t\t\t<div class=\"elementor-widget-container\">\n\t\t\t\t\t<h2 class=\"elementor-heading-title elementor-size-default\">Rosa Carvalho<\/h2>\t\t\t\t<\/div>\n\t\t\t\t<\/div>\n\t\t\t\t<div class=\"elementor-element elementor-element-2fb02fc elementor-widget elementor-widget-text-editor\" data-id=\"2fb02fc\" data-element_type=\"widget\" data-e-type=\"widget\" data-widget_type=\"text-editor.default\">\n\t\t\t\t<div class=\"elementor-widget-container\">\n\t\t\t\t\t\t\t\t\t<p class=\"elementor-heading-title elementor-size-default\">Marketing Advisor<\/p>\t\t\t\t\t\t\t\t<\/div>\n\t\t\t\t<\/div>\n\t\t\t\t<div class=\"elementor-element elementor-element-20c005e elementor-widget elementor-widget-text-editor\" data-id=\"20c005e\" data-element_type=\"widget\" data-e-type=\"widget\" data-widget_type=\"text-editor.default\">\n\t\t\t\t<div class=\"elementor-widget-container\">\n\t\t\t\t\t\t\t\t\t<p>Marketing professional with extensive experience and international profile, with a skill set applicable to different industries and roles. Comprehensive profile in marketing, from strategy to execution, digital marketing, branding and consulting in B2C and B2B organizations. Proven ability to develop and execute successful marketing strategies, build brands, increase sales and drive loyalty. Customer-centric approach and commercially driven, hands-on leader committed to delivering results and developing people.<\/p><p>Branding expert, he has developed, launched and scaled brands in various industries and European markets, working on concepts, positioning, messaging, visual identity and launch strategies. Proven ability to adapt quickly to dynamic environments. Strong interpersonal and communication skills at all levels of the organization and with multicultural and cross-functional teams. Committed to continuous learning and process optimization, flexible, resilient and tenacious professional.<\/p><p>MBA graduate with specialization in strategy in dynamic environments and extensive training and experience in marketing and digital marketing.<\/p>\t\t\t\t\t\t\t\t<\/div>\n\t\t\t\t<\/div>\n\t\t\t\t\t<\/div>\n\t\t<\/div>\n\t\t\t\t\t<\/div>\n\t\t<\/section>\n\t\t\t\t\t<\/div>\n\t\t<\/div>\n\t\t\t\t\t<\/div>\n\t\t<\/section>\n\t\t\t\t<\/div>","protected":false},"excerpt":{"rendered":"<p>Rosa Carvalho Marketing Advisor Profesional de marketing con amplia experiencia y perfil internacional, con un conjunto de habilidades aplicables a diferentes industrias y roles. Perfil integral en marketing, desde la estrategia hasta la ejecuci\u00f3n, marketing digital, branding y consultor\u00eda en organizaciones B2C y B2B. Capacidad demostrada para desarrollar y ejecutar estrategias de marketing exitosas, desarrollar marcas, aumentar ventas y fomentar la lealtad. Enfoque centrado en el cliente y orientaci\u00f3n comercial, l\u00edder pr\u00e1ctico comprometido con la entrega de resultados y el desarrollo de personas. Experto en branding, ha desarrollado, lanzado y escalado marcas en diversas industrias y mercados europeos, trabajando en conceptos, posicionamiento, mensajes, identidad visual y estrategias de lanzamiento. Capacidad demostrada para adaptarse r\u00e1pidamente a entornos din\u00e1micos. Fuertes habilidades interpersonales y de comunicaci\u00f3n a todos los niveles de la organizaci\u00f3n y con equipos multiculturales y multifuncionales. Comprometido con el aprendizaje continuo y la optimizaci\u00f3n de procesos, profesional flexible, resiliente y tenaz. Graduado de un MBA con especializaci\u00f3n en estrategia en entornos din\u00e1micos y formaci\u00f3n y experiencia extensa en marketing y marketing digital.<\/p>","protected":false},"author":2,"featured_media":0,"parent":0,"menu_order":0,"comment_status":"open","ping_status":"closed","template":"elementor_header_footer","meta":{"om_disable_all_campaigns":false,"inline_featured_image":false,"_monsterinsights_skip_tracking":false,"_monsterinsights_sitenote_active":false,"_monsterinsights_sitenote_note":"","_monsterinsights_sitenote_category":0,"footnotes":""},"class_list":["post-764","page","type-page","status-publish","hentry"],"aioseo_notices":[],"_links":{"self":[{"href":"https:\/\/scaleupfranchise.com\/eng\/wp-json\/wp\/v2\/pages\/764","targetHints":{"allow":["GET"]}}],"collection":[{"href":"https:\/\/scaleupfranchise.com\/eng\/wp-json\/wp\/v2\/pages"}],"about":[{"href":"https:\/\/scaleupfranchise.com\/eng\/wp-json\/wp\/v2\/types\/page"}],"author":[{"embeddable":true,"href":"https:\/\/scaleupfranchise.com\/eng\/wp-json\/wp\/v2\/users\/2"}],"replies":[{"embeddable":true,"href":"https:\/\/scaleupfranchise.com\/eng\/wp-json\/wp\/v2\/comments?post=764"}],"version-history":[{"count":40,"href":"https:\/\/scaleupfranchise.com\/eng\/wp-json\/wp\/v2\/pages\/764\/revisions"}],"predecessor-version":[{"id":2094,"href":"https:\/\/scaleupfranchise.com\/eng\/wp-json\/wp\/v2\/pages\/764\/revisions\/2094"}],"wp:attachment":[{"href":"https:\/\/scaleupfranchise.com\/eng\/wp-json\/wp\/v2\/media?parent=764"}],"curies":[{"name":"wp","href":"https:\/\/api.w.org\/{rel}","templated":true}]}}