{"id":818,"date":"2025-01-09T17:31:02","date_gmt":"2025-01-09T17:31:02","guid":{"rendered":"https:\/\/scaleupfranchise.com\/?page_id=818"},"modified":"2025-01-19T14:57:17","modified_gmt":"2025-01-19T14:57:17","slug":"edgar-doniz","status":"publish","type":"page","link":"https:\/\/scaleupfranchise.com\/eng\/edgar-doniz\/","title":{"rendered":"Edgar Doniz"},"content":{"rendered":"<div data-elementor-type=\"wp-page\" data-elementor-id=\"818\" class=\"elementor elementor-818\" data-elementor-post-type=\"page\">\n\t\t\t\t\t\t<section class=\"elementor-section elementor-top-section elementor-element elementor-element-1c5c71d elementor-section-boxed elementor-section-height-default elementor-section-height-default wpr-particle-no wpr-jarallax-no wpr-parallax-no wpr-sticky-section-no wpr-equal-height-no\" data-id=\"1c5c71d\" data-element_type=\"section\" data-e-type=\"section\">\n\t\t\t\t\t\t<div class=\"elementor-container elementor-column-gap-default\">\n\t\t\t\t\t<div class=\"elementor-column elementor-col-100 elementor-top-column elementor-element elementor-element-caf736c\" data-id=\"caf736c\" data-element_type=\"column\" data-e-type=\"column\">\n\t\t\t<div class=\"elementor-widget-wrap elementor-element-populated\">\n\t\t\t\t\t\t<section class=\"elementor-section elementor-inner-section elementor-element elementor-element-9a9f5f5 elementor-section-full_width elementor-section-height-default elementor-section-height-default wpr-particle-no wpr-jarallax-no wpr-parallax-no wpr-sticky-section-no wpr-equal-height-no\" data-id=\"9a9f5f5\" data-element_type=\"section\" data-e-type=\"section\">\n\t\t\t\t\t\t\t<div class=\"elementor-background-overlay\"><\/div>\n\t\t\t\t\t\t\t<div class=\"elementor-container elementor-column-gap-no\">\n\t\t\t\t\t<div class=\"elementor-column elementor-col-50 elementor-inner-column elementor-element elementor-element-9a63e53\" data-id=\"9a63e53\" data-element_type=\"column\" data-e-type=\"column\">\n\t\t\t<div class=\"elementor-widget-wrap elementor-element-populated\">\n\t\t\t\t\t\t<div class=\"elementor-element elementor-element-a5600b4 elementor-widget elementor-widget-image\" data-id=\"a5600b4\" data-element_type=\"widget\" data-e-type=\"widget\" data-widget_type=\"image.default\">\n\t\t\t\t<div class=\"elementor-widget-container\">\n\t\t\t\t\t\t\t\t\t\t\t\t\t\t\t<img fetchpriority=\"high\" decoding=\"async\" width=\"717\" height=\"851\" src=\"https:\/\/scaleupfranchise.com\/wp-content\/uploads\/2025\/01\/EDGAR-DONIZ.webp\" class=\"attachment-medium_large size-medium_large wp-image-801\" alt=\"\" srcset=\"https:\/\/scaleupfranchise.com\/wp-content\/uploads\/2025\/01\/EDGAR-DONIZ.webp 717w, https:\/\/scaleupfranchise.com\/wp-content\/uploads\/2025\/01\/EDGAR-DONIZ-253x300.webp 253w\" sizes=\"(max-width: 717px) 100vw, 717px\" \/>\t\t\t\t\t\t\t\t\t\t\t\t\t\t\t<\/div>\n\t\t\t\t<\/div>\n\t\t\t\t\t<\/div>\n\t\t<\/div>\n\t\t\t\t<div class=\"elementor-column elementor-col-50 elementor-inner-column elementor-element elementor-element-ecabe1a\" data-id=\"ecabe1a\" data-element_type=\"column\" data-e-type=\"column\">\n\t\t\t<div class=\"elementor-widget-wrap elementor-element-populated\">\n\t\t\t\t\t\t<div class=\"elementor-element elementor-element-9ca89fa elementor-widget elementor-widget-heading\" data-id=\"9ca89fa\" data-element_type=\"widget\" data-e-type=\"widget\" data-widget_type=\"heading.default\">\n\t\t\t\t<div class=\"elementor-widget-container\">\n\t\t\t\t\t<h2 class=\"elementor-heading-title elementor-size-default\">Edgar Doniz<\/h2>\t\t\t\t<\/div>\n\t\t\t\t<\/div>\n\t\t\t\t<div class=\"elementor-element elementor-element-0c13def elementor-widget elementor-widget-text-editor\" data-id=\"0c13def\" data-element_type=\"widget\" data-e-type=\"widget\" data-widget_type=\"text-editor.default\">\n\t\t\t\t<div class=\"elementor-widget-container\">\n\t\t\t\t\t\t\t\t\t<p class=\"elementor-heading-title elementor-size-default\">Store Develoment Advisor<\/p>\t\t\t\t\t\t\t\t<\/div>\n\t\t\t\t<\/div>\n\t\t\t\t<div class=\"elementor-element elementor-element-d058f88 elementor-widget elementor-widget-text-editor\" data-id=\"d058f88\" data-element_type=\"widget\" data-e-type=\"widget\" data-widget_type=\"text-editor.default\">\n\t\t\t\t<div class=\"elementor-widget-container\">\n\t\t\t\t\t\t\t\t\t<p>With 25 years of experience leading the growth of international brands and a portfolio of over 10,000 completed projects, Edgar Doniz has collaborated with leading companies such as ALSEA, Grupo Restalia, Starbucks Coffee, and Papa John\u2019s across Latin America, Europe, and the Middle East.<\/p><p>An expert in retail and F&amp;B, he combines his technical expertise with a strategic approach to transform ideas into functional and sustainable solutions. His ability to lead international expansion, optimize resources, and streamline processes makes him an essential consultant for brands aiming to solidify their global presence and accelerate growth.<br \/>Edgar holds a Master\u2019s in Architecture from the National Polytechnic Institute in Mexico City (IPN), with a specialization in construction techniques and project management (PMP). He is also certified as a LEED AP by the USGBC for sustainable project development and in agile methodologies and PMO practices. His deep technical knowledge and adaptability to the demands of diverse and competitive markets make him a key player in optimizing the global expansion\u00a0of\u00a0brands.<\/p>\t\t\t\t\t\t\t\t<\/div>\n\t\t\t\t<\/div>\n\t\t\t\t\t<\/div>\n\t\t<\/div>\n\t\t\t\t\t<\/div>\n\t\t<\/section>\n\t\t\t\t\t<\/div>\n\t\t<\/div>\n\t\t\t\t\t<\/div>\n\t\t<\/section>\n\t\t\t\t<\/div>","protected":false},"excerpt":{"rendered":"<p>Edgar Doniz Store Develoment Advisor Cuenta con 25 a\u00f1os de experiencia liderando el crecimiento de marcas internacionales y un portafolio que supera los 10,000 proyectos realizados en empresas l\u00edderes como ALSEA, Grupo Restalia, Starbucks Coffee y Papa John\u2019s en Am\u00e9rica Latina, Europa y Medio Oriente. Experto en retail y F&amp;B, combinando su experiencia t\u00e9cnica con un enfoque estrat\u00e9gico para transformar ideas en soluciones funcionales y sostenibles. Su habilidad para liderar la expansi\u00f3n internacional y optimizar recursos y procesos lo posiciona como un consultor esencial para marcas que buscan consolidar su presencia global y acelerar su crecimiento.Arquitecto Superior por el Instituto Polit\u00e9cnico Nacional en la Cd. de M\u00e9xico (IPN), especializado en T\u00e9cnicas de construcci\u00f3n y Project management, (PMP), t\u00edtulo LEED AP por el USGBC en desarrollo de proyectos sostenibles y metodolog\u00edas \u00e1giles y PMO, combina su profundo conocimiento t\u00e9cnico con la capacidad de adaptar proyectos a las demandas de mercados diversos y competitivos, optimizando la expansi\u00f3n de marcas globales.<\/p>","protected":false},"author":2,"featured_media":0,"parent":0,"menu_order":0,"comment_status":"open","ping_status":"closed","template":"elementor_header_footer","meta":{"om_disable_all_campaigns":false,"inline_featured_image":false,"_monsterinsights_skip_tracking":false,"_monsterinsights_sitenote_active":false,"_monsterinsights_sitenote_note":"","_monsterinsights_sitenote_category":0,"footnotes":""},"class_list":["post-818","page","type-page","status-publish","hentry"],"aioseo_notices":[],"_links":{"self":[{"href":"https:\/\/scaleupfranchise.com\/eng\/wp-json\/wp\/v2\/pages\/818","targetHints":{"allow":["GET"]}}],"collection":[{"href":"https:\/\/scaleupfranchise.com\/eng\/wp-json\/wp\/v2\/pages"}],"about":[{"href":"https:\/\/scaleupfranchise.com\/eng\/wp-json\/wp\/v2\/types\/page"}],"author":[{"embeddable":true,"href":"https:\/\/scaleupfranchise.com\/eng\/wp-json\/wp\/v2\/users\/2"}],"replies":[{"embeddable":true,"href":"https:\/\/scaleupfranchise.com\/eng\/wp-json\/wp\/v2\/comments?post=818"}],"version-history":[{"count":40,"href":"https:\/\/scaleupfranchise.com\/eng\/wp-json\/wp\/v2\/pages\/818\/revisions"}],"predecessor-version":[{"id":2097,"href":"https:\/\/scaleupfranchise.com\/eng\/wp-json\/wp\/v2\/pages\/818\/revisions\/2097"}],"wp:attachment":[{"href":"https:\/\/scaleupfranchise.com\/eng\/wp-json\/wp\/v2\/media?parent=818"}],"curies":[{"name":"wp","href":"https:\/\/api.w.org\/{rel}","templated":true}]}}